{"id":19,"date":"2025-01-06T21:22:45","date_gmt":"2025-01-06T21:22:45","guid":{"rendered":"https:\/\/acasadobrasileiro.com.br\/?page_id=19"},"modified":"2025-01-06T22:40:03","modified_gmt":"2025-01-06T22:40:03","slug":"quem-somos","status":"publish","type":"page","link":"https:\/\/acasadobrasileiro.com.br\/?page_id=19","title":{"rendered":"QUEM SOMOS?"},"content":{"rendered":"\n<p>Morar bem n\u00e3o \u00e9 s\u00f3 sobre ter um teto, \u00e9 sobre viver sonhos, criar hist\u00f3rias e sentir-se verdadeiramente em casa. \u00c9 por isso que a <strong>Casa do Brasileiro<\/strong> nasceu: para transformar o sonho da casa pr\u00f3pria em um lar de verdade. Com uma trajet\u00f3ria s\u00f3lida, somos especialistas em criar solu\u00e7\u00f5es que cabem no bolso do brasileiro. Por meio de projetos planejados e parcerias estrat\u00e9gicas, garantimos que o sonho do lar esteja ao alcance de todos.<\/p>\n\n\n\n<p>Aqui, cada detalhe importa. Cada tijolo carrega o compromisso de construir n\u00e3o apenas moradias, mas ref\u00fagios onde as fam\u00edlias possam viver com conforto, seguran\u00e7a e felicidade. Somos mais do que uma construtora \u2013 somos parceiros de quem sonha alto e acredita que o futuro come\u00e7a dentro de casa.<\/p>\n\n\n\n<p>\ud83d\udccd <strong>Casa do Brasileiro<\/strong>: Porque aqui, o lar dos seus sonhos j\u00e1 \u00e9 realidade<\/p>\n\n\n\n<p><\/p>\n","protected":false},"excerpt":{"rendered":"<p>Morar bem n\u00e3o \u00e9 s\u00f3 sobre ter um teto, \u00e9 sobre viver sonhos, criar hist\u00f3rias e sentir-se verdadeiramente em casa. \u00c9 por isso que a Casa do Brasileiro nasceu: para transformar o sonho da casa pr\u00f3pria em um lar de verdade. Com uma trajet\u00f3ria s\u00f3lida, somos especialistas em criar solu\u00e7\u00f5es que cabem no bolso do [&hellip;]<\/p>\n","protected":false},"author":3,"featured_media":32,"parent":0,"menu_order":0,"comment_status":"closed","ping_status":"closed","template":"","meta":{"footnotes":""},"class_list":["post-19","page","type-page","status-publish","has-post-thumbnail","hentry"],"yoast_head":"<!-- This site is optimized with the Yoast SEO plugin v24.1 - https:\/\/yoast.com\/wordpress\/plugins\/seo\/ -->\n<title>QUEM SOMOS? - A Casa do Brasileiro<\/title>\n<meta name=\"robots\" content=\"index, follow, max-snippet:-1, max-image-preview:large, max-video-preview:-1\" \/>\n<link rel=\"canonical\" href=\"https:\/\/acasadobrasileiro.com.br\/?page_id=19\" \/>\n<meta property=\"og:locale\" content=\"pt_BR\" \/>\n<meta property=\"og:type\" content=\"article\" \/>\n<meta property=\"og:title\" content=\"QUEM SOMOS? - A Casa do Brasileiro\" \/>\n<meta property=\"og:description\" content=\"Morar bem n\u00e3o \u00e9 s\u00f3 sobre ter um teto, \u00e9 sobre viver sonhos, criar hist\u00f3rias e sentir-se verdadeiramente em casa. \u00c9 por isso que a Casa do Brasileiro nasceu: para transformar o sonho da casa pr\u00f3pria em um lar de verdade. Com uma trajet\u00f3ria s\u00f3lida, somos especialistas em criar solu\u00e7\u00f5es que cabem no bolso do [&hellip;]\" \/>\n<meta property=\"og:url\" content=\"https:\/\/acasadobrasileiro.com.br\/?page_id=19\" \/>\n<meta property=\"og:site_name\" content=\"A Casa do Brasileiro\" \/>\n<meta property=\"article:modified_time\" content=\"2025-01-06T22:40:03+00:00\" \/>\n<meta property=\"og:image\" content=\"https:\/\/acasadobrasileiro.com.br\/wp-content\/uploads\/2025\/01\/001.jpg\" \/>\n\t<meta property=\"og:image:width\" content=\"1590\" \/>\n\t<meta property=\"og:image:height\" content=\"1060\" \/>\n\t<meta property=\"og:image:type\" content=\"image\/jpeg\" \/>\n<meta name=\"twitter:card\" content=\"summary_large_image\" \/>\n<meta name=\"twitter:label1\" content=\"Est. tempo de leitura\" \/>\n\t<meta name=\"twitter:data1\" content=\"1 minuto\" \/>\n<script type=\"application\/ld+json\" class=\"yoast-schema-graph\">{\"@context\":\"https:\/\/schema.org\",\"@graph\":[{\"@type\":\"WebPage\",\"@id\":\"https:\/\/acasadobrasileiro.com.br\/?page_id=19\",\"url\":\"https:\/\/acasadobrasileiro.com.br\/?page_id=19\",\"name\":\"QUEM SOMOS? - A Casa do Brasileiro\",\"isPartOf\":{\"@id\":\"https:\/\/acasadobrasileiro.com.br\/#website\"},\"primaryImageOfPage\":{\"@id\":\"https:\/\/acasadobrasileiro.com.br\/?page_id=19#primaryimage\"},\"image\":{\"@id\":\"https:\/\/acasadobrasileiro.com.br\/?page_id=19#primaryimage\"},\"thumbnailUrl\":\"https:\/\/acasadobrasileiro.com.br\/wp-content\/uploads\/2025\/01\/001.jpg\",\"datePublished\":\"2025-01-06T21:22:45+00:00\",\"dateModified\":\"2025-01-06T22:40:03+00:00\",\"breadcrumb\":{\"@id\":\"https:\/\/acasadobrasileiro.com.br\/?page_id=19#breadcrumb\"},\"inLanguage\":\"pt-BR\",\"potentialAction\":[{\"@type\":\"ReadAction\",\"target\":[\"https:\/\/acasadobrasileiro.com.br\/?page_id=19\"]}]},{\"@type\":\"ImageObject\",\"inLanguage\":\"pt-BR\",\"@id\":\"https:\/\/acasadobrasileiro.com.br\/?page_id=19#primaryimage\",\"url\":\"https:\/\/acasadobrasileiro.com.br\/wp-content\/uploads\/2025\/01\/001.jpg\",\"contentUrl\":\"https:\/\/acasadobrasileiro.com.br\/wp-content\/uploads\/2025\/01\/001.jpg\",\"width\":1590,\"height\":1060},{\"@type\":\"BreadcrumbList\",\"@id\":\"https:\/\/acasadobrasileiro.com.br\/?page_id=19#breadcrumb\",\"itemListElement\":[{\"@type\":\"ListItem\",\"position\":1,\"name\":\"In\u00edcio\",\"item\":\"https:\/\/acasadobrasileiro.com.br\/\"},{\"@type\":\"ListItem\",\"position\":2,\"name\":\"QUEM SOMOS?\"}]},{\"@type\":\"WebSite\",\"@id\":\"https:\/\/acasadobrasileiro.com.br\/#website\",\"url\":\"https:\/\/acasadobrasileiro.com.br\/\",\"name\":\"A Casa do Brasileiro\",\"description\":\"\",\"publisher\":{\"@id\":\"https:\/\/acasadobrasileiro.com.br\/#organization\"},\"potentialAction\":[{\"@type\":\"SearchAction\",\"target\":{\"@type\":\"EntryPoint\",\"urlTemplate\":\"https:\/\/acasadobrasileiro.com.br\/?s={search_term_string}\"},\"query-input\":{\"@type\":\"PropertyValueSpecification\",\"valueRequired\":true,\"valueName\":\"search_term_string\"}}],\"inLanguage\":\"pt-BR\"},{\"@type\":\"Organization\",\"@id\":\"https:\/\/acasadobrasileiro.com.br\/#organization\",\"name\":\"A Casa do Brasileiro\",\"url\":\"https:\/\/acasadobrasileiro.com.br\/\",\"logo\":{\"@type\":\"ImageObject\",\"inLanguage\":\"pt-BR\",\"@id\":\"https:\/\/acasadobrasileiro.com.br\/#\/schema\/logo\/image\/\",\"url\":\"https:\/\/acasadobrasileiro.com.br\/wp-content\/uploads\/2025\/01\/cropped-logo.jpg\",\"contentUrl\":\"https:\/\/acasadobrasileiro.com.br\/wp-content\/uploads\/2025\/01\/cropped-logo.jpg\",\"width\":404,\"height\":205,\"caption\":\"A Casa do Brasileiro\"},\"image\":{\"@id\":\"https:\/\/acasadobrasileiro.com.br\/#\/schema\/logo\/image\/\"}}]}<\/script>\n<!-- \/ Yoast SEO plugin. -->","yoast_head_json":{"title":"QUEM SOMOS? - A Casa do Brasileiro","robots":{"index":"index","follow":"follow","max-snippet":"max-snippet:-1","max-image-preview":"max-image-preview:large","max-video-preview":"max-video-preview:-1"},"canonical":"https:\/\/acasadobrasileiro.com.br\/?page_id=19","og_locale":"pt_BR","og_type":"article","og_title":"QUEM SOMOS? - A Casa do Brasileiro","og_description":"Morar bem n\u00e3o \u00e9 s\u00f3 sobre ter um teto, \u00e9 sobre viver sonhos, criar hist\u00f3rias e sentir-se verdadeiramente em casa. \u00c9 por isso que a Casa do Brasileiro nasceu: para transformar o sonho da casa pr\u00f3pria em um lar de verdade. Com uma trajet\u00f3ria s\u00f3lida, somos especialistas em criar solu\u00e7\u00f5es que cabem no bolso do [&hellip;]","og_url":"https:\/\/acasadobrasileiro.com.br\/?page_id=19","og_site_name":"A Casa do Brasileiro","article_modified_time":"2025-01-06T22:40:03+00:00","og_image":[{"width":1590,"height":1060,"url":"https:\/\/acasadobrasileiro.com.br\/wp-content\/uploads\/2025\/01\/001.jpg","type":"image\/jpeg"}],"twitter_card":"summary_large_image","twitter_misc":{"Est. tempo de leitura":"1 minuto"},"schema":{"@context":"https:\/\/schema.org","@graph":[{"@type":"WebPage","@id":"https:\/\/acasadobrasileiro.com.br\/?page_id=19","url":"https:\/\/acasadobrasileiro.com.br\/?page_id=19","name":"QUEM SOMOS? - A Casa do Brasileiro","isPartOf":{"@id":"https:\/\/acasadobrasileiro.com.br\/#website"},"primaryImageOfPage":{"@id":"https:\/\/acasadobrasileiro.com.br\/?page_id=19#primaryimage"},"image":{"@id":"https:\/\/acasadobrasileiro.com.br\/?page_id=19#primaryimage"},"thumbnailUrl":"https:\/\/acasadobrasileiro.com.br\/wp-content\/uploads\/2025\/01\/001.jpg","datePublished":"2025-01-06T21:22:45+00:00","dateModified":"2025-01-06T22:40:03+00:00","breadcrumb":{"@id":"https:\/\/acasadobrasileiro.com.br\/?page_id=19#breadcrumb"},"inLanguage":"pt-BR","potentialAction":[{"@type":"ReadAction","target":["https:\/\/acasadobrasileiro.com.br\/?page_id=19"]}]},{"@type":"ImageObject","inLanguage":"pt-BR","@id":"https:\/\/acasadobrasileiro.com.br\/?page_id=19#primaryimage","url":"https:\/\/acasadobrasileiro.com.br\/wp-content\/uploads\/2025\/01\/001.jpg","contentUrl":"https:\/\/acasadobrasileiro.com.br\/wp-content\/uploads\/2025\/01\/001.jpg","width":1590,"height":1060},{"@type":"BreadcrumbList","@id":"https:\/\/acasadobrasileiro.com.br\/?page_id=19#breadcrumb","itemListElement":[{"@type":"ListItem","position":1,"name":"In\u00edcio","item":"https:\/\/acasadobrasileiro.com.br\/"},{"@type":"ListItem","position":2,"name":"QUEM SOMOS?"}]},{"@type":"WebSite","@id":"https:\/\/acasadobrasileiro.com.br\/#website","url":"https:\/\/acasadobrasileiro.com.br\/","name":"A Casa do Brasileiro","description":"","publisher":{"@id":"https:\/\/acasadobrasileiro.com.br\/#organization"},"potentialAction":[{"@type":"SearchAction","target":{"@type":"EntryPoint","urlTemplate":"https:\/\/acasadobrasileiro.com.br\/?s={search_term_string}"},"query-input":{"@type":"PropertyValueSpecification","valueRequired":true,"valueName":"search_term_string"}}],"inLanguage":"pt-BR"},{"@type":"Organization","@id":"https:\/\/acasadobrasileiro.com.br\/#organization","name":"A Casa do Brasileiro","url":"https:\/\/acasadobrasileiro.com.br\/","logo":{"@type":"ImageObject","inLanguage":"pt-BR","@id":"https:\/\/acasadobrasileiro.com.br\/#\/schema\/logo\/image\/","url":"https:\/\/acasadobrasileiro.com.br\/wp-content\/uploads\/2025\/01\/cropped-logo.jpg","contentUrl":"https:\/\/acasadobrasileiro.com.br\/wp-content\/uploads\/2025\/01\/cropped-logo.jpg","width":404,"height":205,"caption":"A Casa do Brasileiro"},"image":{"@id":"https:\/\/acasadobrasileiro.com.br\/#\/schema\/logo\/image\/"}}]}},"_links":{"self":[{"href":"https:\/\/acasadobrasileiro.com.br\/index.php?rest_route=\/wp\/v2\/pages\/19","targetHints":{"allow":["GET"]}}],"collection":[{"href":"https:\/\/acasadobrasileiro.com.br\/index.php?rest_route=\/wp\/v2\/pages"}],"about":[{"href":"https:\/\/acasadobrasileiro.com.br\/index.php?rest_route=\/wp\/v2\/types\/page"}],"author":[{"embeddable":true,"href":"https:\/\/acasadobrasileiro.com.br\/index.php?rest_route=\/wp\/v2\/users\/3"}],"replies":[{"embeddable":true,"href":"https:\/\/acasadobrasileiro.com.br\/index.php?rest_route=%2Fwp%2Fv2%2Fcomments&post=19"}],"version-history":[{"count":6,"href":"https:\/\/acasadobrasileiro.com.br\/index.php?rest_route=\/wp\/v2\/pages\/19\/revisions"}],"predecessor-version":[{"id":27,"href":"https:\/\/acasadobrasileiro.com.br\/index.php?rest_route=\/wp\/v2\/pages\/19\/revisions\/27"}],"wp:featuredmedia":[{"embeddable":true,"href":"https:\/\/acasadobrasileiro.com.br\/index.php?rest_route=\/wp\/v2\/media\/32"}],"wp:attachment":[{"href":"https:\/\/acasadobrasileiro.com.br\/index.php?rest_route=%2Fwp%2Fv2%2Fmedia&parent=19"}],"curies":[{"name":"wp","href":"https:\/\/api.w.org\/{rel}","templated":true}]}}