{"id":29,"date":"2025-01-06T22:32:31","date_gmt":"2025-01-06T22:32:31","guid":{"rendered":"https:\/\/acasadobrasileiro.com.br\/?page_id=29"},"modified":"2025-01-06T22:42:27","modified_gmt":"2025-01-06T22:42:27","slug":"missao-visao-e-valores","status":"publish","type":"page","link":"https:\/\/acasadobrasileiro.com.br\/?page_id=29","title":{"rendered":"MISS\u00c3O, VIS\u00c3O E VALORES"},"content":{"rendered":"\n<h4 class=\"wp-block-heading\"><strong>Miss\u00e3o<\/strong><\/h4>\n\n\n\n<p>Transformar o sonho da casa pr\u00f3pria em realidade, oferecendo lares acess\u00edveis, com qualidade e carinho em cada detalhe. Nosso compromisso \u00e9 criar espa\u00e7os que fa\u00e7am a diferen\u00e7a na vida das fam\u00edlias brasileiras.<\/p>\n\n\n\n<h4 class=\"wp-block-heading\"><strong>Vis\u00e3o<\/strong><\/h4>\n\n\n\n<p>Ser a principal escolha de quem sonha com um lar, reconhecida pela proximidade, excel\u00eancia e dedica\u00e7\u00e3o. Queremos inspirar mais pessoas a acreditarem que o sonho da casa pr\u00f3pria est\u00e1 ao alcance.<\/p>\n\n\n\n<h4 class=\"wp-block-heading\"><strong>Valores<\/strong><\/h4>\n\n\n\n<ul class=\"wp-block-list\">\n<li><strong>Cuidado com cada detalhe:<\/strong> Porque o lar de algu\u00e9m \u00e9 o nosso maior projeto.<\/li>\n\n\n\n<li><strong>Proximidade e confian\u00e7a:<\/strong> Somos a construtora que fala a sua l\u00edngua e entende os seus sonhos.<\/li>\n\n\n\n<li><strong>Excel\u00eancia com simplicidade:<\/strong> Fazemos bem feito e ao alcance de todos.<\/li>\n\n\n\n<li><strong>Respeito ao futuro:<\/strong> Atuamos de forma respons\u00e1vel para deixar um legado positivo.<\/li>\n<\/ul>\n\n\n\n<p>Na<strong> Casa do Brasileiro, o seu sonho \u00e9 a nossa miss\u00e3o.<\/strong><\/p>\n\n\n\n<p><\/p>\n","protected":false},"excerpt":{"rendered":"<p>Miss\u00e3o Transformar o sonho da casa pr\u00f3pria em realidade, oferecendo lares acess\u00edveis, com qualidade e carinho em cada detalhe. Nosso compromisso \u00e9 criar espa\u00e7os que fa\u00e7am a diferen\u00e7a na vida das fam\u00edlias brasileiras. Vis\u00e3o Ser a principal escolha de quem sonha com um lar, reconhecida pela proximidade, excel\u00eancia e dedica\u00e7\u00e3o. Queremos inspirar mais pessoas a [&hellip;]<\/p>\n","protected":false},"author":3,"featured_media":33,"parent":0,"menu_order":0,"comment_status":"closed","ping_status":"closed","template":"","meta":{"footnotes":""},"class_list":["post-29","page","type-page","status-publish","has-post-thumbnail","hentry"],"yoast_head":"<!-- This site is optimized with the Yoast SEO plugin v24.1 - https:\/\/yoast.com\/wordpress\/plugins\/seo\/ -->\n<title>MISS\u00c3O, VIS\u00c3O E VALORES - A Casa do Brasileiro<\/title>\n<meta name=\"robots\" content=\"index, follow, max-snippet:-1, max-image-preview:large, max-video-preview:-1\" \/>\n<link rel=\"canonical\" href=\"https:\/\/acasadobrasileiro.com.br\/?page_id=29\" \/>\n<meta property=\"og:locale\" content=\"pt_BR\" \/>\n<meta property=\"og:type\" content=\"article\" \/>\n<meta property=\"og:title\" content=\"MISS\u00c3O, VIS\u00c3O E VALORES - A Casa do Brasileiro\" \/>\n<meta property=\"og:description\" content=\"Miss\u00e3o Transformar o sonho da casa pr\u00f3pria em realidade, oferecendo lares acess\u00edveis, com qualidade e carinho em cada detalhe. Nosso compromisso \u00e9 criar espa\u00e7os que fa\u00e7am a diferen\u00e7a na vida das fam\u00edlias brasileiras. Vis\u00e3o Ser a principal escolha de quem sonha com um lar, reconhecida pela proximidade, excel\u00eancia e dedica\u00e7\u00e3o. Queremos inspirar mais pessoas a [&hellip;]\" \/>\n<meta property=\"og:url\" content=\"https:\/\/acasadobrasileiro.com.br\/?page_id=29\" \/>\n<meta property=\"og:site_name\" content=\"A Casa do Brasileiro\" \/>\n<meta property=\"article:modified_time\" content=\"2025-01-06T22:42:27+00:00\" \/>\n<meta property=\"og:image\" content=\"https:\/\/acasadobrasileiro.com.br\/wp-content\/uploads\/2025\/01\/002.jpg\" \/>\n\t<meta property=\"og:image:width\" content=\"1200\" \/>\n\t<meta property=\"og:image:height\" content=\"800\" \/>\n\t<meta property=\"og:image:type\" content=\"image\/jpeg\" \/>\n<meta name=\"twitter:card\" content=\"summary_large_image\" \/>\n<meta name=\"twitter:label1\" content=\"Est. tempo de leitura\" \/>\n\t<meta name=\"twitter:data1\" content=\"1 minuto\" \/>\n<script type=\"application\/ld+json\" class=\"yoast-schema-graph\">{\"@context\":\"https:\/\/schema.org\",\"@graph\":[{\"@type\":\"WebPage\",\"@id\":\"https:\/\/acasadobrasileiro.com.br\/?page_id=29\",\"url\":\"https:\/\/acasadobrasileiro.com.br\/?page_id=29\",\"name\":\"MISS\u00c3O, VIS\u00c3O E VALORES - A Casa do Brasileiro\",\"isPartOf\":{\"@id\":\"https:\/\/acasadobrasileiro.com.br\/#website\"},\"primaryImageOfPage\":{\"@id\":\"https:\/\/acasadobrasileiro.com.br\/?page_id=29#primaryimage\"},\"image\":{\"@id\":\"https:\/\/acasadobrasileiro.com.br\/?page_id=29#primaryimage\"},\"thumbnailUrl\":\"https:\/\/acasadobrasileiro.com.br\/wp-content\/uploads\/2025\/01\/002.jpg\",\"datePublished\":\"2025-01-06T22:32:31+00:00\",\"dateModified\":\"2025-01-06T22:42:27+00:00\",\"breadcrumb\":{\"@id\":\"https:\/\/acasadobrasileiro.com.br\/?page_id=29#breadcrumb\"},\"inLanguage\":\"pt-BR\",\"potentialAction\":[{\"@type\":\"ReadAction\",\"target\":[\"https:\/\/acasadobrasileiro.com.br\/?page_id=29\"]}]},{\"@type\":\"ImageObject\",\"inLanguage\":\"pt-BR\",\"@id\":\"https:\/\/acasadobrasileiro.com.br\/?page_id=29#primaryimage\",\"url\":\"https:\/\/acasadobrasileiro.com.br\/wp-content\/uploads\/2025\/01\/002.jpg\",\"contentUrl\":\"https:\/\/acasadobrasileiro.com.br\/wp-content\/uploads\/2025\/01\/002.jpg\",\"width\":1200,\"height\":800,\"caption\":\"Business Financing Accounting Banking Concept, businesswoman doing finances and calculate about cost to real estate investment and tax.\"},{\"@type\":\"BreadcrumbList\",\"@id\":\"https:\/\/acasadobrasileiro.com.br\/?page_id=29#breadcrumb\",\"itemListElement\":[{\"@type\":\"ListItem\",\"position\":1,\"name\":\"In\u00edcio\",\"item\":\"https:\/\/acasadobrasileiro.com.br\/\"},{\"@type\":\"ListItem\",\"position\":2,\"name\":\"MISS\u00c3O, VIS\u00c3O E VALORES\"}]},{\"@type\":\"WebSite\",\"@id\":\"https:\/\/acasadobrasileiro.com.br\/#website\",\"url\":\"https:\/\/acasadobrasileiro.com.br\/\",\"name\":\"A Casa do Brasileiro\",\"description\":\"\",\"publisher\":{\"@id\":\"https:\/\/acasadobrasileiro.com.br\/#organization\"},\"potentialAction\":[{\"@type\":\"SearchAction\",\"target\":{\"@type\":\"EntryPoint\",\"urlTemplate\":\"https:\/\/acasadobrasileiro.com.br\/?s={search_term_string}\"},\"query-input\":{\"@type\":\"PropertyValueSpecification\",\"valueRequired\":true,\"valueName\":\"search_term_string\"}}],\"inLanguage\":\"pt-BR\"},{\"@type\":\"Organization\",\"@id\":\"https:\/\/acasadobrasileiro.com.br\/#organization\",\"name\":\"A Casa do Brasileiro\",\"url\":\"https:\/\/acasadobrasileiro.com.br\/\",\"logo\":{\"@type\":\"ImageObject\",\"inLanguage\":\"pt-BR\",\"@id\":\"https:\/\/acasadobrasileiro.com.br\/#\/schema\/logo\/image\/\",\"url\":\"https:\/\/acasadobrasileiro.com.br\/wp-content\/uploads\/2025\/01\/cropped-logo.jpg\",\"contentUrl\":\"https:\/\/acasadobrasileiro.com.br\/wp-content\/uploads\/2025\/01\/cropped-logo.jpg\",\"width\":404,\"height\":205,\"caption\":\"A Casa do Brasileiro\"},\"image\":{\"@id\":\"https:\/\/acasadobrasileiro.com.br\/#\/schema\/logo\/image\/\"}}]}<\/script>\n<!-- \/ Yoast SEO plugin. -->","yoast_head_json":{"title":"MISS\u00c3O, VIS\u00c3O E VALORES - A Casa do Brasileiro","robots":{"index":"index","follow":"follow","max-snippet":"max-snippet:-1","max-image-preview":"max-image-preview:large","max-video-preview":"max-video-preview:-1"},"canonical":"https:\/\/acasadobrasileiro.com.br\/?page_id=29","og_locale":"pt_BR","og_type":"article","og_title":"MISS\u00c3O, VIS\u00c3O E VALORES - A Casa do Brasileiro","og_description":"Miss\u00e3o Transformar o sonho da casa pr\u00f3pria em realidade, oferecendo lares acess\u00edveis, com qualidade e carinho em cada detalhe. Nosso compromisso \u00e9 criar espa\u00e7os que fa\u00e7am a diferen\u00e7a na vida das fam\u00edlias brasileiras. Vis\u00e3o Ser a principal escolha de quem sonha com um lar, reconhecida pela proximidade, excel\u00eancia e dedica\u00e7\u00e3o. Queremos inspirar mais pessoas a [&hellip;]","og_url":"https:\/\/acasadobrasileiro.com.br\/?page_id=29","og_site_name":"A Casa do Brasileiro","article_modified_time":"2025-01-06T22:42:27+00:00","og_image":[{"width":1200,"height":800,"url":"https:\/\/acasadobrasileiro.com.br\/wp-content\/uploads\/2025\/01\/002.jpg","type":"image\/jpeg"}],"twitter_card":"summary_large_image","twitter_misc":{"Est. tempo de leitura":"1 minuto"},"schema":{"@context":"https:\/\/schema.org","@graph":[{"@type":"WebPage","@id":"https:\/\/acasadobrasileiro.com.br\/?page_id=29","url":"https:\/\/acasadobrasileiro.com.br\/?page_id=29","name":"MISS\u00c3O, VIS\u00c3O E VALORES - A Casa do Brasileiro","isPartOf":{"@id":"https:\/\/acasadobrasileiro.com.br\/#website"},"primaryImageOfPage":{"@id":"https:\/\/acasadobrasileiro.com.br\/?page_id=29#primaryimage"},"image":{"@id":"https:\/\/acasadobrasileiro.com.br\/?page_id=29#primaryimage"},"thumbnailUrl":"https:\/\/acasadobrasileiro.com.br\/wp-content\/uploads\/2025\/01\/002.jpg","datePublished":"2025-01-06T22:32:31+00:00","dateModified":"2025-01-06T22:42:27+00:00","breadcrumb":{"@id":"https:\/\/acasadobrasileiro.com.br\/?page_id=29#breadcrumb"},"inLanguage":"pt-BR","potentialAction":[{"@type":"ReadAction","target":["https:\/\/acasadobrasileiro.com.br\/?page_id=29"]}]},{"@type":"ImageObject","inLanguage":"pt-BR","@id":"https:\/\/acasadobrasileiro.com.br\/?page_id=29#primaryimage","url":"https:\/\/acasadobrasileiro.com.br\/wp-content\/uploads\/2025\/01\/002.jpg","contentUrl":"https:\/\/acasadobrasileiro.com.br\/wp-content\/uploads\/2025\/01\/002.jpg","width":1200,"height":800,"caption":"Business Financing Accounting Banking Concept, businesswoman doing finances and calculate about cost to real estate investment and tax."},{"@type":"BreadcrumbList","@id":"https:\/\/acasadobrasileiro.com.br\/?page_id=29#breadcrumb","itemListElement":[{"@type":"ListItem","position":1,"name":"In\u00edcio","item":"https:\/\/acasadobrasileiro.com.br\/"},{"@type":"ListItem","position":2,"name":"MISS\u00c3O, VIS\u00c3O E VALORES"}]},{"@type":"WebSite","@id":"https:\/\/acasadobrasileiro.com.br\/#website","url":"https:\/\/acasadobrasileiro.com.br\/","name":"A Casa do Brasileiro","description":"","publisher":{"@id":"https:\/\/acasadobrasileiro.com.br\/#organization"},"potentialAction":[{"@type":"SearchAction","target":{"@type":"EntryPoint","urlTemplate":"https:\/\/acasadobrasileiro.com.br\/?s={search_term_string}"},"query-input":{"@type":"PropertyValueSpecification","valueRequired":true,"valueName":"search_term_string"}}],"inLanguage":"pt-BR"},{"@type":"Organization","@id":"https:\/\/acasadobrasileiro.com.br\/#organization","name":"A Casa do Brasileiro","url":"https:\/\/acasadobrasileiro.com.br\/","logo":{"@type":"ImageObject","inLanguage":"pt-BR","@id":"https:\/\/acasadobrasileiro.com.br\/#\/schema\/logo\/image\/","url":"https:\/\/acasadobrasileiro.com.br\/wp-content\/uploads\/2025\/01\/cropped-logo.jpg","contentUrl":"https:\/\/acasadobrasileiro.com.br\/wp-content\/uploads\/2025\/01\/cropped-logo.jpg","width":404,"height":205,"caption":"A Casa do Brasileiro"},"image":{"@id":"https:\/\/acasadobrasileiro.com.br\/#\/schema\/logo\/image\/"}}]}},"_links":{"self":[{"href":"https:\/\/acasadobrasileiro.com.br\/index.php?rest_route=\/wp\/v2\/pages\/29","targetHints":{"allow":["GET"]}}],"collection":[{"href":"https:\/\/acasadobrasileiro.com.br\/index.php?rest_route=\/wp\/v2\/pages"}],"about":[{"href":"https:\/\/acasadobrasileiro.com.br\/index.php?rest_route=\/wp\/v2\/types\/page"}],"author":[{"embeddable":true,"href":"https:\/\/acasadobrasileiro.com.br\/index.php?rest_route=\/wp\/v2\/users\/3"}],"replies":[{"embeddable":true,"href":"https:\/\/acasadobrasileiro.com.br\/index.php?rest_route=%2Fwp%2Fv2%2Fcomments&post=29"}],"version-history":[{"count":2,"href":"https:\/\/acasadobrasileiro.com.br\/index.php?rest_route=\/wp\/v2\/pages\/29\/revisions"}],"predecessor-version":[{"id":31,"href":"https:\/\/acasadobrasileiro.com.br\/index.php?rest_route=\/wp\/v2\/pages\/29\/revisions\/31"}],"wp:featuredmedia":[{"embeddable":true,"href":"https:\/\/acasadobrasileiro.com.br\/index.php?rest_route=\/wp\/v2\/media\/33"}],"wp:attachment":[{"href":"https:\/\/acasadobrasileiro.com.br\/index.php?rest_route=%2Fwp%2Fv2%2Fmedia&parent=29"}],"curies":[{"name":"wp","href":"https:\/\/api.w.org\/{rel}","templated":true}]}}